{"id":4808,"date":"2025-10-08T09:30:40","date_gmt":"2025-10-08T09:30:40","guid":{"rendered":"https:\/\/cgmsurgelati.it\/zertifizierungen\/"},"modified":"2025-10-08T11:52:34","modified_gmt":"2025-10-08T11:52:34","slug":"zertifizierungen","status":"publish","type":"page","link":"https:\/\/cgmsurgelati.it\/de\/zertifizierungen\/","title":{"rendered":"ZERTIFIZIERUNGEN"},"content":{"rendered":"\t\t<div data-elementor-type=\"wp-page\" data-elementor-id=\"4808\" class=\"elementor elementor-4808 elementor-4712\" data-elementor-post-type=\"page\">\n\t\t\t\t<div class=\"elementor-element elementor-element-bb2d839 e-con-full e-flex e-con e-parent\" data-id=\"bb2d839\" data-element_type=\"container\" data-e-type=\"container\" data-settings=\"{&quot;background_background&quot;:&quot;classic&quot;}\">\n\t\t\t\t<\/div>\n\t\t<div class=\"elementor-element elementor-element-26cf04e e-con-full e-flex e-con e-child\" data-id=\"26cf04e\" data-element_type=\"container\" data-e-type=\"container\">\n\t\t<div class=\"elementor-element elementor-element-2a9bc3c e-con-full e-flex e-con e-child\" data-id=\"2a9bc3c\" data-element_type=\"container\" data-e-type=\"container\" data-settings=\"{&quot;background_background&quot;:&quot;classic&quot;}\">\n\t\t\t\t<div class=\"elementor-element elementor-element-88dbb70 elementor-widget elementor-widget-heading\" data-id=\"88dbb70\" data-element_type=\"widget\" data-e-type=\"widget\" data-widget_type=\"heading.default\">\n\t\t\t\t<div class=\"elementor-widget-container\">\n\t\t\t\t\t<h1 class=\"elementor-heading-title elementor-size-default\">Qualit\u00e4t und Zertifizierungen <\/h1>\t\t\t\t<\/div>\n\t\t\t\t<\/div>\n\t\t\t\t<\/div>\n\t\t\t\t<\/div>\n\t\t<div class=\"elementor-element elementor-element-07d7914 e-flex e-con-boxed e-con e-parent\" data-id=\"07d7914\" data-element_type=\"container\" data-e-type=\"container\">\n\t\t\t\t\t<div class=\"e-con-inner\">\n\t\t<div class=\"elementor-element elementor-element-60e9f47 e-con-full e-flex e-con e-child\" data-id=\"60e9f47\" data-element_type=\"container\" data-e-type=\"container\">\n\t\t<div class=\"elementor-element elementor-element-8fa00d9 e-con-full e-flex e-con e-child\" data-id=\"8fa00d9\" data-element_type=\"container\" data-e-type=\"container\">\n\t\t<div class=\"elementor-element elementor-element-da984c5 e-con-full e-flex e-con e-child\" data-id=\"da984c5\" data-element_type=\"container\" data-e-type=\"container\">\n\t\t\t\t<\/div>\n\t\t<div class=\"elementor-element elementor-element-f1fc71c e-con-full e-flex e-con e-child\" data-id=\"f1fc71c\" data-element_type=\"container\" data-e-type=\"container\">\n\t\t\t\t<div class=\"elementor-element elementor-element-075e4c8 elementor-widget elementor-widget-heading\" data-id=\"075e4c8\" data-element_type=\"widget\" data-e-type=\"widget\" data-widget_type=\"heading.default\">\n\t\t\t\t<div class=\"elementor-widget-container\">\n\t\t\t\t\t<h2 class=\"elementor-heading-title elementor-size-default\">BRCGS- und IFS-Zertifizierungen<\/br>Gew\u00e4hrleistung von Qualit\u00e4t und Lebensmittelsicherheit<\/h2>\t\t\t\t<\/div>\n\t\t\t\t<\/div>\n\t\t\t\t<\/div>\n\t\t\t\t<\/div>\n\t\t\t\t<\/div>\n\t\t<div class=\"elementor-element elementor-element-b158c90 e-con-full e-flex e-con e-child\" data-id=\"b158c90\" data-element_type=\"container\" data-e-type=\"container\">\n\t\t<div class=\"elementor-element elementor-element-0cd485e e-con-full e-flex e-con e-child\" data-id=\"0cd485e\" data-element_type=\"container\" data-e-type=\"container\">\n\t\t<div class=\"elementor-element elementor-element-b0c5921 e-con-full e-flex e-con e-child\" data-id=\"b0c5921\" data-element_type=\"container\" data-e-type=\"container\">\n\t\t\t\t<div class=\"elementor-element elementor-element-a3fd1e3 elementor-widget elementor-widget-image\" data-id=\"a3fd1e3\" data-element_type=\"widget\" data-e-type=\"widget\" data-widget_type=\"image.default\">\n\t\t\t\t<div class=\"elementor-widget-container\">\n\t\t\t\t\t\t\t\t\t\t\t\t\t\t\t<img fetchpriority=\"high\" decoding=\"async\" width=\"955\" height=\"950\" src=\"https:\/\/cgmsurgelati.it\/wp-content\/uploads\/2025\/10\/grafica-virgolette.webp\" class=\"attachment-full size-full wp-image-4760\" alt=\"grafica virgolette\" srcset=\"https:\/\/cgmsurgelati.it\/wp-content\/uploads\/2025\/10\/grafica-virgolette.webp 955w, https:\/\/cgmsurgelati.it\/wp-content\/uploads\/2025\/10\/grafica-virgolette-300x298.webp 300w, https:\/\/cgmsurgelati.it\/wp-content\/uploads\/2025\/10\/grafica-virgolette-150x150.webp 150w, https:\/\/cgmsurgelati.it\/wp-content\/uploads\/2025\/10\/grafica-virgolette-768x764.webp 768w\" sizes=\"(max-width: 955px) 100vw, 955px\" \/>\t\t\t\t\t\t\t\t\t\t\t\t\t\t\t<\/div>\n\t\t\t\t<\/div>\n\t\t\t\t<\/div>\n\t\t<div class=\"elementor-element elementor-element-ee24d5f e-con-full e-flex e-con e-child\" data-id=\"ee24d5f\" data-element_type=\"container\" data-e-type=\"container\">\n\t\t\t\t<div class=\"elementor-element elementor-element-216d46f elementor-widget elementor-widget-text-editor\" data-id=\"216d46f\" data-element_type=\"widget\" data-e-type=\"widget\" data-widget_type=\"text-editor.default\">\n\t\t\t\t<div class=\"elementor-widget-container\">\n\t\t\t\t\t\t\t\t\t<p class=\"p1\"><b>CGM <\/b>z\u00e4hlt zu den wenigen italienischen Firmen, die sich erfolgreich auf den anspruchsvollsten europ\u00e4ischen und globalen M\u00e4rkten behaupten \u2013 von<b> Gro\u00dfbritannien <\/b>\u00fcber <b>Deutschland <\/b>bis nach<b> Japan <\/b>und in die<b> USA. <\/b>Diese M\u00e4rkte sind nur f\u00fcr Unternehmen zug\u00e4nglich, die h\u00f6chste<b> Standards in Qualit\u00e4t, Sicherheit und Produktion erf\u00fcllen.<br \/>\n<\/b><\/p>\n<p><\/p>\n<p class=\"p1\">Das Resultat einer seit \u00fcber drei Jahrzehnten gepflegten Qualit\u00e4tskultur, die Menschen, Prozesse und Produktionsentscheidungen pr\u00e4gt.<br \/>\nVon der Kontrolle der Lieferkette bis zur sorgf\u00e4ltigen Lieferantenauswahl erf\u00fcllt CGM in jeder Phase h\u00f6chste Anforderungen an Sicherheit und Zuverl\u00e4ssigkeit. Das Unternehmen tr\u00e4gt durch die <b>BRCGS Food Safety<\/b>&#8211; und <b>IFS Food<\/b>-Zertifizierungen den Nachweis, dass es die strengsten internationalen Standards einh\u00e4lt.<\/p>\n<p><\/p>\n<p class=\"p1\"><b>Internationale Standards \u2013 italienische Exzellenz in der Tiefk\u00fchlproduktion<\/b><\/p>\n<p><\/p>\n<p class=\"p1\">Mit den h\u00f6chsten Bewertungen \u2013 <i>Grade A<\/i> bei <b>BRCGS <\/b>und <i>Higher Level<\/i> bei <b>IFS<\/b>, jeweils mit \u00fcber 95 % der Punkte \u2013 best\u00e4tigen diese Zertifizierungen die exzellente Qualit\u00e4t der CGM-Prozesse in der gesamten Produktionskette, von der Rohstoffauswahl bis zum fertigen Produkt.<\/p>\n<p><\/p>\n<p class=\"p1\">Der <b>BRCGS<\/b> (<i>British Retail Consortium Global Standard<\/i>) gilt als eines der anspruchsvollsten Zertifizierungssysteme f\u00fcr Lebensmittelsicherheit weltweit.<\/p>\n<p><\/p>\n<p class=\"p1\">Der <b>IFS<\/b> (<i>International Featured Standard<\/i>) ist der f\u00fchrende Standard im europ\u00e4ischen Lebensmitteleinzelhandel und repr\u00e4sentiert Zuverl\u00e4ssigkeit sowie Qualit\u00e4t bei den h\u00f6chsten Anforderungen an Handelspartner.<\/p>\n<p><\/p>\n<p class=\"p1\"><b><br \/>\n<\/b><b><\/b><\/p>\n\t\t\t\t\t\t\t\t<\/div>\n\t\t\t\t<\/div>\n\t\t\t\t<\/div>\n\t\t\t\t<\/div>\n\t\t\t\t<\/div>\n\t\t<div class=\"elementor-element elementor-element-72aa980 e-con-full e-flex e-con e-child\" data-id=\"72aa980\" data-element_type=\"container\" data-e-type=\"container\">\n\t\t<div class=\"elementor-element elementor-element-a91ce5f e-con-full e-flex e-con e-child\" data-id=\"a91ce5f\" data-element_type=\"container\" data-e-type=\"container\">\n\t\t<div class=\"elementor-element elementor-element-f0aee05 e-con-full e-flex e-con e-child\" data-id=\"f0aee05\" data-element_type=\"container\" data-e-type=\"container\">\n\t\t\t\t<\/div>\n\t\t<div class=\"elementor-element elementor-element-5cf76a4 e-con-full e-flex e-con e-child\" data-id=\"5cf76a4\" data-element_type=\"container\" data-e-type=\"container\">\n\t\t<div class=\"elementor-element elementor-element-e391d8d e-grid e-con-full e-con e-child\" data-id=\"e391d8d\" data-element_type=\"container\" data-e-type=\"container\">\n\t\t\t\t<div class=\"elementor-element elementor-element-58aa16a elementor-widget elementor-widget-image\" data-id=\"58aa16a\" data-element_type=\"widget\" data-e-type=\"widget\" data-widget_type=\"image.default\">\n\t\t\t\t<div class=\"elementor-widget-container\">\n\t\t\t\t\t\t\t\t\t\t\t\t\t\t\t<img decoding=\"async\" width=\"800\" height=\"605\" src=\"https:\/\/cgmsurgelati.it\/wp-content\/uploads\/2025\/10\/certificazione-BRCGS-CGM-Surgelati-1024x775.png\" class=\"attachment-large size-large wp-image-4763\" alt=\"certificazione BRCGS - CGM Surgelati\" srcset=\"https:\/\/cgmsurgelati.it\/wp-content\/uploads\/2025\/10\/certificazione-BRCGS-CGM-Surgelati-1024x775.png 1024w, https:\/\/cgmsurgelati.it\/wp-content\/uploads\/2025\/10\/certificazione-BRCGS-CGM-Surgelati-300x227.png 300w, https:\/\/cgmsurgelati.it\/wp-content\/uploads\/2025\/10\/certificazione-BRCGS-CGM-Surgelati-768x581.png 768w, https:\/\/cgmsurgelati.it\/wp-content\/uploads\/2025\/10\/certificazione-BRCGS-CGM-Surgelati.png 1092w\" sizes=\"(max-width: 800px) 100vw, 800px\" \/>\t\t\t\t\t\t\t\t\t\t\t\t\t\t\t<\/div>\n\t\t\t\t<\/div>\n\t\t\t\t<div class=\"elementor-element elementor-element-37083a3 elementor-widget elementor-widget-image\" data-id=\"37083a3\" data-element_type=\"widget\" data-e-type=\"widget\" data-widget_type=\"image.default\">\n\t\t\t\t<div class=\"elementor-widget-container\">\n\t\t\t\t\t\t\t\t\t\t\t\t\t\t\t<img decoding=\"async\" width=\"800\" height=\"469\" src=\"https:\/\/cgmsurgelati.it\/wp-content\/uploads\/2025\/10\/certificazione-ifs-CGM-Surgelati-1024x600.webp\" class=\"attachment-large size-large wp-image-4766\" alt=\"certificazione ifs - CGM Surgelati\" srcset=\"https:\/\/cgmsurgelati.it\/wp-content\/uploads\/2025\/10\/certificazione-ifs-CGM-Surgelati-1024x600.webp 1024w, https:\/\/cgmsurgelati.it\/wp-content\/uploads\/2025\/10\/certificazione-ifs-CGM-Surgelati-300x176.webp 300w, https:\/\/cgmsurgelati.it\/wp-content\/uploads\/2025\/10\/certificazione-ifs-CGM-Surgelati-768x450.webp 768w, https:\/\/cgmsurgelati.it\/wp-content\/uploads\/2025\/10\/certificazione-ifs-CGM-Surgelati.webp 1245w\" sizes=\"(max-width: 800px) 100vw, 800px\" \/>\t\t\t\t\t\t\t\t\t\t\t\t\t\t\t<\/div>\n\t\t\t\t<\/div>\n\t\t\t\t<\/div>\n\t\t\t\t<\/div>\n\t\t\t\t<\/div>\n\t\t\t\t<\/div>\n\t\t<div class=\"elementor-element elementor-element-72ca6d1 e-con-full e-flex e-con e-child\" data-id=\"72ca6d1\" data-element_type=\"container\" data-e-type=\"container\">\n\t\t<div class=\"elementor-element elementor-element-af5b83f e-con-full e-flex e-con e-child\" data-id=\"af5b83f\" data-element_type=\"container\" data-e-type=\"container\">\n\t\t<div class=\"elementor-element elementor-element-6af8156 e-con-full e-flex e-con e-child\" data-id=\"6af8156\" data-element_type=\"container\" data-e-type=\"container\">\n\t\t\t\t<\/div>\n\t\t<div class=\"elementor-element elementor-element-69ff61f e-con-full e-flex e-con e-child\" data-id=\"69ff61f\" data-element_type=\"container\" data-e-type=\"container\">\n\t\t\t\t<div class=\"elementor-element elementor-element-12385f0 elementor-widget elementor-widget-heading\" data-id=\"12385f0\" data-element_type=\"widget\" data-e-type=\"widget\" data-widget_type=\"heading.default\">\n\t\t\t\t<div class=\"elementor-widget-container\">\n\t\t\t\t\t<h3 class=\"elementor-heading-title elementor-size-default\">Ein Engagement, das den Unterschied macht<\/h3>\t\t\t\t<\/div>\n\t\t\t\t<\/div>\n\t\t\t\t<div class=\"elementor-element elementor-element-35aac69 elementor-widget elementor-widget-text-editor\" data-id=\"35aac69\" data-element_type=\"widget\" data-e-type=\"widget\" data-widget_type=\"text-editor.default\">\n\t\t\t\t<div class=\"elementor-widget-container\">\n\t\t\t\t\t\t\t\t\t<p class=\"p1\">Der Erhalt und die Pflege dieser Zertifikate erfordern regelm\u00e4\u00dfige Kontrollen und Audits, die nicht nur die Produktkonformit\u00e4t, sondern auch die gesamte Unternehmensstruktur umfassen \u2013 einschlie\u00dflich Sicherheitsma\u00dfnahmen, Mitarbeiterschulungen, R\u00fcckverfolgbarkeit der Rohstoffe sowie das Management der Produktionsanlagen.<\/p>\n<p><\/p>\n<p class=\"p1\">Ein t\u00e4gliches Engagement, das uns erm\u00f6glicht, in selbst den wettbewerbsintensivsten M\u00e4rkten erfolgreich zu sein, und unseren Partnern die Sicherheit gibt, <b>zertifizierte, sichere und qualitativ hochwertige Tiefk\u00fchlprodukte zu liefern.<\/b><\/p>\n\t\t\t\t\t\t\t\t<\/div>\n\t\t\t\t<\/div>\n\t\t\t\t<\/div>\n\t\t\t\t<\/div>\n\t\t\t\t<\/div>\n\t\t\t\t\t<\/div>\n\t\t\t\t<\/div>\n\t\t<div class=\"elementor-element elementor-element-eacd198 e-grid e-con-boxed e-con e-parent\" data-id=\"eacd198\" data-element_type=\"container\" data-e-type=\"container\">\n\t\t\t\t\t<div class=\"e-con-inner\">\n\t\t\t\t<div class=\"elementor-element elementor-element-f36d73e elementor-widget elementor-widget-image\" data-id=\"f36d73e\" data-element_type=\"widget\" data-e-type=\"widget\" data-widget_type=\"image.default\">\n\t\t\t\t<div class=\"elementor-widget-container\">\n\t\t\t\t\t\t\t\t\t\t\t\t\t\t\t\t<a href=\"https:\/\/cgmsurgelati.it\/wp-content\/uploads\/2025\/10\/Certificato-BRCGS_AG-GDO-23_1831-del-23.12.24-scad.-29.12.25_Pollenza-Scalo.pdf\" target=\"_blank\">\n\t\t\t\t\t\t\t<img loading=\"lazy\" decoding=\"async\" width=\"569\" height=\"340\" src=\"https:\/\/cgmsurgelati.it\/wp-content\/uploads\/2025\/10\/certificazioni-CGM-Surgelati-03.webp\" class=\"attachment-large size-large wp-image-4772\" alt=\"certificazioni - CGM Surgelati-03\" srcset=\"https:\/\/cgmsurgelati.it\/wp-content\/uploads\/2025\/10\/certificazioni-CGM-Surgelati-03.webp 569w, https:\/\/cgmsurgelati.it\/wp-content\/uploads\/2025\/10\/certificazioni-CGM-Surgelati-03-300x179.webp 300w\" sizes=\"(max-width: 569px) 100vw, 569px\" \/>\t\t\t\t\t\t\t\t<\/a>\n\t\t\t\t\t\t\t\t\t\t\t\t\t\t\t<\/div>\n\t\t\t\t<\/div>\n\t\t\t\t<div class=\"elementor-element elementor-element-2cd5eb9 elementor-widget elementor-widget-image\" data-id=\"2cd5eb9\" data-element_type=\"widget\" data-e-type=\"widget\" data-widget_type=\"image.default\">\n\t\t\t\t<div class=\"elementor-widget-container\">\n\t\t\t\t\t\t\t\t\t\t\t\t\t\t\t\t<a href=\"https:\/\/cgmsurgelati.it\/wp-content\/uploads\/2025\/10\/Certificato-IFS_AG-GDO-23_1837-del-23.12.24-scad.-01.01.26_Pollenza-Scalo.pdf\" target=\"_blank\">\n\t\t\t\t\t\t\t<img loading=\"lazy\" decoding=\"async\" width=\"569\" height=\"340\" src=\"https:\/\/cgmsurgelati.it\/wp-content\/uploads\/2025\/10\/certificazioni-CGM-Surgelati-04.webp\" class=\"attachment-large size-large wp-image-4775\" alt=\"certificazioni - CGM Surgelati-04\" srcset=\"https:\/\/cgmsurgelati.it\/wp-content\/uploads\/2025\/10\/certificazioni-CGM-Surgelati-04.webp 569w, https:\/\/cgmsurgelati.it\/wp-content\/uploads\/2025\/10\/certificazioni-CGM-Surgelati-04-300x179.webp 300w\" sizes=\"(max-width: 569px) 100vw, 569px\" \/>\t\t\t\t\t\t\t\t<\/a>\n\t\t\t\t\t\t\t\t\t\t\t\t\t\t\t<\/div>\n\t\t\t\t<\/div>\n\t\t\t\t<div class=\"elementor-element elementor-element-d8f22b4 elementor-widget elementor-widget-image\" data-id=\"d8f22b4\" data-element_type=\"widget\" data-e-type=\"widget\" data-widget_type=\"image.default\">\n\t\t\t\t<div class=\"elementor-widget-container\">\n\t\t\t\t\t\t\t\t\t\t\t\t\t\t\t\t<a href=\"https:\/\/cgmsurgelati.it\/wp-content\/uploads\/2025\/10\/Certificato-BRCGS_AG-GDO-24_1852-del-23.12.24-scad.-08.01.26_Via-Fermi.pdf\" target=\"_blank\">\n\t\t\t\t\t\t\t<img loading=\"lazy\" decoding=\"async\" width=\"569\" height=\"340\" src=\"https:\/\/cgmsurgelati.it\/wp-content\/uploads\/2025\/10\/certificazioni-CGM-Surgelati-05.webp\" class=\"attachment-large size-large wp-image-4778\" alt=\"certificazioni - CGM Surgelati-05\" srcset=\"https:\/\/cgmsurgelati.it\/wp-content\/uploads\/2025\/10\/certificazioni-CGM-Surgelati-05.webp 569w, https:\/\/cgmsurgelati.it\/wp-content\/uploads\/2025\/10\/certificazioni-CGM-Surgelati-05-300x179.webp 300w\" sizes=\"(max-width: 569px) 100vw, 569px\" \/>\t\t\t\t\t\t\t\t<\/a>\n\t\t\t\t\t\t\t\t\t\t\t\t\t\t\t<\/div>\n\t\t\t\t<\/div>\n\t\t\t\t<div class=\"elementor-element elementor-element-b09dde9 elementor-widget elementor-widget-image\" data-id=\"b09dde9\" data-element_type=\"widget\" data-e-type=\"widget\" data-widget_type=\"image.default\">\n\t\t\t\t<div class=\"elementor-widget-container\">\n\t\t\t\t\t\t\t\t\t\t\t\t\t\t\t\t<a href=\"https:\/\/cgmsurgelati.it\/wp-content\/uploads\/2025\/10\/Certificato-IFS_AG-GDO-24_1859-del-21.01.25-scad.-23.01.26_Via-Fermi.pdf\" target=\"_blank\">\n\t\t\t\t\t\t\t<img loading=\"lazy\" decoding=\"async\" width=\"569\" height=\"340\" src=\"https:\/\/cgmsurgelati.it\/wp-content\/uploads\/2025\/10\/certificazioni-CGM-Surgelati-02.webp\" class=\"attachment-large size-large wp-image-4769\" alt=\"certificazioni - CGM Surgelati-02\" srcset=\"https:\/\/cgmsurgelati.it\/wp-content\/uploads\/2025\/10\/certificazioni-CGM-Surgelati-02.webp 569w, https:\/\/cgmsurgelati.it\/wp-content\/uploads\/2025\/10\/certificazioni-CGM-Surgelati-02-300x179.webp 300w\" sizes=\"(max-width: 569px) 100vw, 569px\" \/>\t\t\t\t\t\t\t\t<\/a>\n\t\t\t\t\t\t\t\t\t\t\t\t\t\t\t<\/div>\n\t\t\t\t<\/div>\n\t\t\t\t\t<\/div>\n\t\t\t\t<\/div>\n\t\t\t\t<\/div>\n\t\t","protected":false},"excerpt":{"rendered":"<p>Qualit\u00e4t und Zertifizierungen BRCGS- und IFS-ZertifizierungenGew\u00e4hrleistung von Qualit\u00e4t und Lebensmittelsicherheit CGM z\u00e4hlt zu den wenigen italienischen Firmen, die sich erfolgreich auf den anspruchsvollsten europ\u00e4ischen und globalen M\u00e4rkten behaupten \u2013 von Gro\u00dfbritannien \u00fcber Deutschland bis nach Japan und in die USA. Diese M\u00e4rkte sind nur f\u00fcr Unternehmen zug\u00e4nglich, die h\u00f6chste Standards in Qualit\u00e4t, Sicherheit und Produktion [&hellip;]<\/p>\n","protected":false},"author":2,"featured_media":0,"parent":0,"menu_order":0,"comment_status":"closed","ping_status":"closed","template":"","meta":{"footnotes":""},"class_list":["post-4808","page","type-page","status-publish","hentry"],"_links":{"self":[{"href":"https:\/\/cgmsurgelati.it\/de\/wp-json\/wp\/v2\/pages\/4808","targetHints":{"allow":["GET"]}}],"collection":[{"href":"https:\/\/cgmsurgelati.it\/de\/wp-json\/wp\/v2\/pages"}],"about":[{"href":"https:\/\/cgmsurgelati.it\/de\/wp-json\/wp\/v2\/types\/page"}],"author":[{"embeddable":true,"href":"https:\/\/cgmsurgelati.it\/de\/wp-json\/wp\/v2\/users\/2"}],"replies":[{"embeddable":true,"href":"https:\/\/cgmsurgelati.it\/de\/wp-json\/wp\/v2\/comments?post=4808"}],"version-history":[{"count":4,"href":"https:\/\/cgmsurgelati.it\/de\/wp-json\/wp\/v2\/pages\/4808\/revisions"}],"predecessor-version":[{"id":4816,"href":"https:\/\/cgmsurgelati.it\/de\/wp-json\/wp\/v2\/pages\/4808\/revisions\/4816"}],"wp:attachment":[{"href":"https:\/\/cgmsurgelati.it\/de\/wp-json\/wp\/v2\/media?parent=4808"}],"curies":[{"name":"wp","href":"https:\/\/api.w.org\/{rel}","templated":true}]}}